{"id":208,"date":"2025-10-22T13:25:55","date_gmt":"2025-10-22T11:25:55","guid":{"rendered":"https:\/\/www.welite.sk\/?page_id=208"},"modified":"2026-03-19T19:58:39","modified_gmt":"2026-03-19T18:58:39","slug":"odborna-spolupraca","status":"publish","type":"page","link":"https:\/\/www.welite.sk\/de\/odborna-spolupraca","title":{"rendered":"Zusammenarbeit"},"content":{"rendered":"<div data-elementor-type=\"wp-page\" data-elementor-id=\"208\" class=\"elementor elementor-208\" data-elementor-post-type=\"page\">\n\t\t\t\t<div class=\"elementor-element elementor-element-14311f4 e-flex e-con-boxed e-con e-parent\" data-id=\"14311f4\" data-element_type=\"container\" data-settings=\"{&quot;background_background&quot;:&quot;classic&quot;}\">\n\t\t\t\t\t<div class=\"e-con-inner\">\n\t\t\t\t<div class=\"elementor-element elementor-element-a8e382a elementor-widget__width-inherit elementor-widget elementor-widget-heading\" data-id=\"a8e382a\" data-element_type=\"widget\" data-widget_type=\"heading.default\">\n\t\t\t\t\t<h2 class=\"elementor-heading-title elementor-size-default\">Zusammenarbeit<\/h2>\t\t\t\t<\/div>\n\t\t\t\t<div class=\"elementor-element elementor-element-c7fee04 elementor-widget elementor-widget-text-editor\" data-id=\"c7fee04\" data-element_type=\"widget\" data-widget_type=\"text-editor.default\">\n\t\t\t\t\t\t\t\t\t<p>Welders Elite, s.r.o. spolupracuje s odborn\u00edkmi z praxe s cie\u013eom zabezpe\u010di\u0165 vysok\u00fa<br \/>\u00farove\u0148 profesion\u00e1lnej podpory pre v\u0161etky na\u0161e projekty a slu\u017eby.<\/p>\t\t\t\t\t\t\t\t<\/div>\n\t\t\t\t\t<\/div>\n\t\t\t\t<\/div>\n\t\t<div class=\"elementor-element elementor-element-01d116b e-flex e-con-boxed e-con e-parent\" data-id=\"01d116b\" data-element_type=\"container\" data-settings=\"{&quot;background_background&quot;:&quot;classic&quot;}\">\n\t\t\t\t\t<div class=\"e-con-inner\">\n\t\t<div class=\"elementor-element elementor-element-17850b0 e-con-full e-flex e-con e-child\" data-id=\"17850b0\" data-element_type=\"container\">\n\t\t\t\t<div class=\"elementor-element elementor-element-f13590b elementor-widget elementor-widget-image\" data-id=\"f13590b\" data-element_type=\"widget\" data-widget_type=\"image.default\">\n\t\t\t\t\t\t\t\t\t\t\t\t\t\t\t<img fetchpriority=\"high\" decoding=\"async\" width=\"331\" height=\"346\" src=\"https:\/\/www.welite.sk\/wp-content\/uploads\/2025\/10\/LOGO-KOBES.png\" class=\"attachment-large size-large wp-image-213\" alt=\"\" srcset=\"https:\/\/www.welite.sk\/wp-content\/uploads\/2025\/10\/LOGO-KOBES.png 331w, https:\/\/www.welite.sk\/wp-content\/uploads\/2025\/10\/LOGO-KOBES-287x300.png 287w\" sizes=\"(max-width: 331px) 100vw, 331px\" \/>\t\t\t\t\t\t\t\t\t\t\t\t\t\t\t<\/div>\n\t\t\t\t<\/div>\n\t\t<div class=\"elementor-element elementor-element-b7d6826 e-con-full e-flex e-con e-child\" data-id=\"b7d6826\" data-element_type=\"container\">\n\t\t\t\t<div class=\"elementor-element elementor-element-8c62025 elementor-invisible elementor-widget elementor-widget-heading\" data-id=\"8c62025\" data-element_type=\"widget\" data-settings=\"{&quot;_animation&quot;:&quot;fadeInRight&quot;}\" data-widget_type=\"heading.default\">\n\t\t\t\t\t<h2 class=\"elementor-heading-title elementor-size-default\">Kobes s.r.o.\n<\/h2>\t\t\t\t<\/div>\n\t\t\t\t<div class=\"elementor-element elementor-element-17b1221 elementor-widget__width-initial elementor-widget-mobile__width-inherit elementor-invisible elementor-widget elementor-widget-text-editor\" data-id=\"17b1221\" data-element_type=\"widget\" data-settings=\"{&quot;_animation&quot;:&quot;fadeInRight&quot;}\" data-widget_type=\"text-editor.default\">\n\t\t\t\t\t\t\t\t\t<p>Kobes \u2013 n\u00e1\u0161 odborn\u00fd partner v kovov\u00fdrobe a vzdel\u00e1van\u00ed. Skupina Kobes Holding je v\u00fdznamn\u00fdm hr\u00e1\u010dom v oblasti kovov\u00fdroby, zv\u00e1rania a technick\u00e9ho vzdel\u00e1vania venuje sa aj pr\u00edprave, zv\u00e1raniu a mont\u00e1\u017ei potrubn\u00fdch syst\u00e9mov, kon\u0161trukci\u00ed, n\u00e1dr\u017e\u00ed a r\u00f4znych stroj\u00e1rskych v\u00fdrobkov z r\u00f4znych materi\u00e1lov. Okrem toho Kobes prev\u00e1dzkuje aj zv\u00e1ra\u010dsk\u00fa \u0161kolu (Kobes Welding Academy), kde pripravuje nov\u00fdch odborn\u00edkov v oblasti zv\u00e1rania.<\/p>\t\t\t\t\t\t\t\t<\/div>\n\t\t\t\t<div class=\"elementor-element elementor-element-99212be elementor-invisible elementor-widget elementor-widget-button\" data-id=\"99212be\" data-element_type=\"widget\" data-settings=\"{&quot;_animation&quot;:&quot;fadeInUp&quot;,&quot;_animation_delay&quot;:500}\" data-widget_type=\"button.default\">\n\t\t\t\t\t\t\t\t\t\t<a class=\"elementor-button elementor-button-link elementor-size-sm elementor-animation-float\" href=\"http:\/\/www.kobes.sk\" target=\"_blank\">\n\t\t\t\t\t\t<span class=\"elementor-button-content-wrapper\">\n\t\t\t\t\t\t<span class=\"elementor-button-icon\">\n\t\t\t\t<svg aria-hidden=\"true\" class=\"e-font-icon-svg e-fas-chevron-right\" viewbox=\"0 0 320 512\" xmlns=\"http:\/\/www.w3.org\/2000\/svg\"><path d=\"M285.476 272.971L91.132 467.314c-9.373 9.373-24.569 9.373-33.941 0l-22.667-22.667c-9.357-9.357-9.375-24.522-.04-33.901L188.505 256 34.484 101.255c-9.335-9.379-9.317-24.544.04-33.901l22.667-22.667c9.373-9.373 24.569-9.373 33.941 0L285.475 239.03c9.373 9.372 9.373 24.568.001 33.941z\"><\/path><\/svg>\t\t\t<\/span>\n\t\t\t\t\t\t\t\t\t<span class=\"elementor-button-text\">www.kobes.sk<\/span>\n\t\t\t\t\t<\/span>\n\t\t\t\t\t<\/a>\n\t\t\t\t\t\t\t\t<\/div>\n\t\t\t\t<\/div>\n\t\t\t\t\t<\/div>\n\t\t\t\t<\/div>\n\t\t<div class=\"elementor-element elementor-element-d3bf565 e-flex e-con-boxed e-con e-parent\" data-id=\"d3bf565\" data-element_type=\"container\" data-settings=\"{&quot;background_background&quot;:&quot;classic&quot;}\">\n\t\t\t\t\t<div class=\"e-con-inner\">\n\t\t<div class=\"elementor-element elementor-element-7a9b630 e-con-full e-flex e-con e-child\" data-id=\"7a9b630\" data-element_type=\"container\">\n\t\t\t\t<div class=\"elementor-element elementor-element-04b2742 elementor-invisible elementor-widget elementor-widget-heading\" data-id=\"04b2742\" data-element_type=\"widget\" data-settings=\"{&quot;_animation&quot;:&quot;fadeInLeft&quot;}\" data-widget_type=\"heading.default\">\n\t\t\t\t\t<h2 class=\"elementor-heading-title elementor-size-default\">Sicherheit<\/h2>\t\t\t\t<\/div>\n\t\t\t\t<div class=\"elementor-element elementor-element-100f06d elementor-widget__width-initial elementor-widget-mobile__width-inherit elementor-invisible elementor-widget elementor-widget-text-editor\" data-id=\"100f06d\" data-element_type=\"widget\" data-settings=\"{&quot;_animation&quot;:&quot;fadeInLeft&quot;}\" data-widget_type=\"text-editor.default\">\n\t\t\t\t\t\t\t\t\t<p>Wir arbeiten mit BEXPO zusammen, um die Vorbereitung auf die SCC-Zertifizierung (Safety Certificate Contractors \/ VCA) anzubieten - eine Dienstleistung, die die Glaubw\u00fcrdigkeit eines Unternehmens in Bezug auf Sicherheit, Gesundheit und Umwelt st\u00e4rkt. BEXPO unterst\u00fctzt Unternehmen bei der Erf\u00fcllung aller Anforderungen der SCC-Zertifizierung - von der Vorbereitung der Dokumente \u00fcber die Schulung bis hin zu den Auditverfahren. Das SCC-Zertifikat wird f\u00fcr 5 Jahre ausgestellt und ist in vielen Branchen als Qualit\u00e4tsstandard f\u00fcr Sicherheit und Gesundheitsschutz am Arbeitsplatz anerkannt.\u00a0<\/p>\t\t\t\t\t\t\t\t<\/div>\n\t\t\t\t<div class=\"elementor-element elementor-element-9ccdb0c elementor-align-center elementor-invisible elementor-widget elementor-widget-button\" data-id=\"9ccdb0c\" data-element_type=\"widget\" data-settings=\"{&quot;_animation&quot;:&quot;fadeInLeft&quot;,&quot;_animation_delay&quot;:1000}\" data-widget_type=\"button.default\">\n\t\t\t\t\t\t\t\t\t\t<a class=\"elementor-button elementor-button-link elementor-size-sm elementor-animation-float\" href=\"http:\/\/www.bexpo.sk\" target=\"_blank\">\n\t\t\t\t\t\t<span class=\"elementor-button-content-wrapper\">\n\t\t\t\t\t\t<span class=\"elementor-button-icon\">\n\t\t\t\t<svg aria-hidden=\"true\" class=\"e-font-icon-svg e-fas-chevron-right\" viewbox=\"0 0 320 512\" xmlns=\"http:\/\/www.w3.org\/2000\/svg\"><path d=\"M285.476 272.971L91.132 467.314c-9.373 9.373-24.569 9.373-33.941 0l-22.667-22.667c-9.357-9.357-9.375-24.522-.04-33.901L188.505 256 34.484 101.255c-9.335-9.379-9.317-24.544.04-33.901l22.667-22.667c9.373-9.373 24.569-9.373 33.941 0L285.475 239.03c9.373 9.372 9.373 24.568.001 33.941z\"><\/path><\/svg>\t\t\t<\/span>\n\t\t\t\t\t\t\t\t\t<span class=\"elementor-button-text\">www.bexpo.sk<\/span>\n\t\t\t\t\t<\/span>\n\t\t\t\t\t<\/a>\n\t\t\t\t\t\t\t\t<\/div>\n\t\t\t\t<\/div>\n\t\t<div class=\"elementor-element elementor-element-9a5e693 e-con-full e-flex e-con e-child\" data-id=\"9a5e693\" data-element_type=\"container\">\n\t\t\t\t<div class=\"elementor-element elementor-element-f4e6c4f elementor-widget elementor-widget-image\" data-id=\"f4e6c4f\" data-element_type=\"widget\" data-widget_type=\"image.default\">\n\t\t\t\t\t\t\t\t\t\t\t\t\t\t\t<img decoding=\"async\" width=\"514\" height=\"166\" src=\"https:\/\/www.welite.sk\/wp-content\/uploads\/2025\/10\/Bexpo-logo.png\" class=\"attachment-large size-large wp-image-210\" alt=\"\" srcset=\"https:\/\/www.welite.sk\/wp-content\/uploads\/2025\/10\/Bexpo-logo.png 514w, https:\/\/www.welite.sk\/wp-content\/uploads\/2025\/10\/Bexpo-logo-300x97.png 300w\" sizes=\"(max-width: 514px) 100vw, 514px\" \/>\t\t\t\t\t\t\t\t\t\t\t\t\t\t\t<\/div>\n\t\t\t\t<\/div>\n\t\t\t\t\t<\/div>\n\t\t\t\t<\/div>\n\t\t<div class=\"elementor-element elementor-element-2ed3473 e-flex e-con-boxed e-con e-parent\" data-id=\"2ed3473\" data-element_type=\"container\" data-settings=\"{&quot;background_background&quot;:&quot;classic&quot;}\">\n\t\t\t\t\t<div class=\"e-con-inner\">\n\t\t<div class=\"elementor-element elementor-element-857cdbc e-con-full e-flex e-con e-child\" data-id=\"857cdbc\" data-element_type=\"container\">\n\t\t\t\t<div class=\"elementor-element elementor-element-f71131a elementor-widget elementor-widget-image\" data-id=\"f71131a\" data-element_type=\"widget\" data-widget_type=\"image.default\">\n\t\t\t\t\t\t\t\t\t\t\t\t\t\t\t<img decoding=\"async\" width=\"541\" height=\"249\" src=\"https:\/\/www.welite.sk\/wp-content\/uploads\/2025\/10\/Kreston-logo.png\" class=\"attachment-large size-large wp-image-212\" alt=\"\" srcset=\"https:\/\/www.welite.sk\/wp-content\/uploads\/2025\/10\/Kreston-logo.png 541w, https:\/\/www.welite.sk\/wp-content\/uploads\/2025\/10\/Kreston-logo-300x138.png 300w\" sizes=\"(max-width: 541px) 100vw, 541px\" \/>\t\t\t\t\t\t\t\t\t\t\t\t\t\t\t<\/div>\n\t\t\t\t<\/div>\n\t\t<div class=\"elementor-element elementor-element-79f6ea9 e-con-full e-flex e-con e-child\" data-id=\"79f6ea9\" data-element_type=\"container\">\n\t\t\t\t<div class=\"elementor-element elementor-element-b51ed32 elementor-invisible elementor-widget elementor-widget-heading\" data-id=\"b51ed32\" data-element_type=\"widget\" data-settings=\"{&quot;_animation&quot;:&quot;fadeInRight&quot;}\" data-widget_type=\"heading.default\">\n\t\t\t\t\t<h2 class=\"elementor-heading-title elementor-size-default\">Buchhaltung und Rechtsberatung\n <\/h2>\t\t\t\t<\/div>\n\t\t\t\t<div class=\"elementor-element elementor-element-7350dd7 elementor-widget__width-initial elementor-widget-mobile__width-inherit elementor-invisible elementor-widget elementor-widget-text-editor\" data-id=\"7350dd7\" data-element_type=\"widget\" data-settings=\"{&quot;_animation&quot;:&quot;fadeInRight&quot;}\" data-widget_type=\"text-editor.default\">\n\t\t\t\t\t\t\t\t\t<p>Kreston Slovakia ist Teil des f\u00fchrenden internationalen Netzwerks Kreston Global. Seit mehr als 50 Jahren bieten wir Beratungsdienstleistungen in den Bereichen Steuern, Rechnungswesen, Wirtschaftspr\u00fcfung, Recht und Prozessmanagement an. Wenn Sie auf der Suche nach professioneller Unterst\u00fctzung und einem proaktiven Unternehmensberater sind, der Sie bei der Bew\u00e4ltigung komplexer Vorschriften unterst\u00fctzt und Ihnen wertvolle Informationen zur Verbesserung Ihrer Gesch\u00e4ftsabl\u00e4ufe liefert, sind wir f\u00fcr Sie da. Wir sind Ihr vertrauensw\u00fcrdiger Partner, der nicht nur die rechtlichen und steuerlichen Anforderungen versteht, sondern auch strategische Ratschl\u00e4ge zur Verbesserung Ihrer Gesch\u00e4ftst\u00e4tigkeit gibt.<\/p>\t\t\t\t\t\t\t\t<\/div>\n\t\t\t\t<div class=\"elementor-element elementor-element-067b86f elementor-invisible elementor-widget elementor-widget-button\" data-id=\"067b86f\" data-element_type=\"widget\" data-settings=\"{&quot;_animation&quot;:&quot;fadeInUp&quot;,&quot;_animation_delay&quot;:500}\" data-widget_type=\"button.default\">\n\t\t\t\t\t\t\t\t\t\t<a class=\"elementor-button elementor-button-link elementor-size-sm elementor-animation-float\" href=\"http:\/\/www.krestonslovakia.sk\" target=\"_blank\">\n\t\t\t\t\t\t<span class=\"elementor-button-content-wrapper\">\n\t\t\t\t\t\t<span class=\"elementor-button-icon\">\n\t\t\t\t<svg aria-hidden=\"true\" class=\"e-font-icon-svg e-fas-chevron-right\" viewbox=\"0 0 320 512\" xmlns=\"http:\/\/www.w3.org\/2000\/svg\"><path d=\"M285.476 272.971L91.132 467.314c-9.373 9.373-24.569 9.373-33.941 0l-22.667-22.667c-9.357-9.357-9.375-24.522-.04-33.901L188.505 256 34.484 101.255c-9.335-9.379-9.317-24.544.04-33.901l22.667-22.667c9.373-9.373 24.569-9.373 33.941 0L285.475 239.03c9.373 9.372 9.373 24.568.001 33.941z\"><\/path><\/svg>\t\t\t<\/span>\n\t\t\t\t\t\t\t\t\t<span class=\"elementor-button-text\">www.kreston.sk<\/span>\n\t\t\t\t\t<\/span>\n\t\t\t\t\t<\/a>\n\t\t\t\t\t\t\t\t<\/div>\n\t\t\t\t<\/div>\n\t\t\t\t\t<\/div>\n\t\t\t\t<\/div>\n\t\t<div class=\"elementor-element elementor-element-a1c4219 e-flex e-con-boxed e-con e-parent\" data-id=\"a1c4219\" data-element_type=\"container\" data-settings=\"{&quot;background_background&quot;:&quot;classic&quot;}\">\n\t\t\t\t\t<div class=\"e-con-inner\">\n\t\t<div class=\"elementor-element elementor-element-64a5368 e-con-full e-flex e-con e-child\" data-id=\"64a5368\" data-element_type=\"container\">\n\t\t\t\t<div class=\"elementor-element elementor-element-f63e559 elementor-widget elementor-widget-image\" data-id=\"f63e559\" data-element_type=\"widget\" data-widget_type=\"image.default\">\n\t\t\t\t\t\t\t\t\t\t\t\t\t\t\t<img loading=\"lazy\" decoding=\"async\" width=\"800\" height=\"560\" src=\"https:\/\/www.welite.sk\/wp-content\/uploads\/2025\/10\/Klimes.png\" class=\"attachment-large size-large wp-image-237\" alt=\"\" srcset=\"https:\/\/www.welite.sk\/wp-content\/uploads\/2025\/10\/Klimes.png 954w, https:\/\/www.welite.sk\/wp-content\/uploads\/2025\/10\/Klimes-300x210.png 300w, https:\/\/www.welite.sk\/wp-content\/uploads\/2025\/10\/Klimes-768x538.png 768w\" sizes=\"(max-width: 800px) 100vw, 800px\" \/>\t\t\t\t\t\t\t\t\t\t\t\t\t\t\t<\/div>\n\t\t\t\t<\/div>\n\t\t<div class=\"elementor-element elementor-element-52564c1 e-con-full e-flex e-con e-child\" data-id=\"52564c1\" data-element_type=\"container\">\n\t\t\t\t<div class=\"elementor-element elementor-element-14ad6d0 elementor-invisible elementor-widget elementor-widget-heading\" data-id=\"14ad6d0\" data-element_type=\"widget\" data-settings=\"{&quot;_animation&quot;:&quot;fadeInRight&quot;}\" data-widget_type=\"heading.default\">\n\t\t\t\t\t<h2 class=\"elementor-heading-title elementor-size-default\">Dipl.-Jur. Tom\u00e1\u0161 Klime\u0161<\/h2>\t\t\t\t<\/div>\n\t\t\t\t<div class=\"elementor-element elementor-element-d11e7e8 elementor-widget__width-initial elementor-widget-mobile__width-inherit elementor-invisible elementor-widget elementor-widget-text-editor\" data-id=\"d11e7e8\" data-element_type=\"widget\" data-settings=\"{&quot;_animation&quot;:&quot;fadeInLeft&quot;}\" data-widget_type=\"text-editor.default\">\n\t\t\t\t\t\t\t\t\t<p>Tom\u00e1\u0161 Klime\u0161 ist Rechtsanwalt slowakischer Herkunft und hat seine Kanzlei in Dortmund, Deutschland. Er kommuniziert und handelt in Deutsch, Slowakisch und Englisch. Der Schwerpunkt seiner T\u00e4tigkeit als Rechtsanwalt in Deutschland ist die Beratung slowakischer und tschechischer Unternehmen und Unternehmer im deutschen Recht. Er bietet Rechtshilfe in Deutschland und die Vertretung von Mandanten vor deutschen Beh\u00f6rden an.<\/p>\t\t\t\t\t\t\t\t<\/div>\n\t\t\t\t<div class=\"elementor-element elementor-element-0ce88d0 elementor-align-center elementor-invisible elementor-widget elementor-widget-button\" data-id=\"0ce88d0\" data-element_type=\"widget\" data-settings=\"{&quot;_animation&quot;:&quot;fadeInLeft&quot;,&quot;_animation_delay&quot;:1000}\" data-widget_type=\"button.default\">\n\t\t\t\t\t\t\t\t\t\t<a class=\"elementor-button elementor-button-link elementor-size-sm elementor-animation-float\" href=\"http:\/\/www.pravnik-nemecko.sk\/\">\n\t\t\t\t\t\t<span class=\"elementor-button-content-wrapper\">\n\t\t\t\t\t\t<span class=\"elementor-button-icon\">\n\t\t\t\t<svg aria-hidden=\"true\" class=\"e-font-icon-svg e-fas-chevron-right\" viewbox=\"0 0 320 512\" xmlns=\"http:\/\/www.w3.org\/2000\/svg\"><path d=\"M285.476 272.971L91.132 467.314c-9.373 9.373-24.569 9.373-33.941 0l-22.667-22.667c-9.357-9.357-9.375-24.522-.04-33.901L188.505 256 34.484 101.255c-9.335-9.379-9.317-24.544.04-33.901l22.667-22.667c9.373-9.373 24.569-9.373 33.941 0L285.475 239.03c9.373 9.372 9.373 24.568.001 33.941z\"><\/path><\/svg>\t\t\t<\/span>\n\t\t\t\t\t\t\t\t\t<span class=\"elementor-button-text\">www.pravnik-nemecko.sk<\/span>\n\t\t\t\t\t<\/span>\n\t\t\t\t\t<\/a>\n\t\t\t\t\t\t\t\t<\/div>\n\t\t\t\t<\/div>\n\t\t\t\t\t<\/div>\n\t\t\t\t<\/div>\n\t\t\t\t<\/div>","protected":false},"excerpt":{"rendered":"<p>Odborn\u00e1 spolupr\u00e1ca Welders Elite, s.r.o. spolupracuje s odborn\u00edkmi z praxe s cie\u013eom zabezpe\u010di\u0165 vysok\u00fa\u00farove\u0148 profesion\u00e1lnej podpory pre v\u0161etky na\u0161e projekty a slu\u017eby. Kobes s.r.o. Kobes \u2013 n\u00e1\u0161 odborn\u00fd partner v kovov\u00fdrobe a vzdel\u00e1van\u00ed. Skupina Kobes Holding je v\u00fdznamn\u00fdm hr\u00e1\u010dom v oblasti kovov\u00fdroby, zv\u00e1rania a technick\u00e9ho vzdel\u00e1vania venuje sa aj pr\u00edprave, zv\u00e1raniu a mont\u00e1\u017ei potrubn\u00fdch syst\u00e9mov, [&hellip;]<\/p>","protected":false},"author":1,"featured_media":0,"parent":0,"menu_order":0,"comment_status":"closed","ping_status":"closed","template":"","meta":{"footnotes":""},"class_list":["post-208","page","type-page","status-publish","hentry"],"_links":{"self":[{"href":"https:\/\/www.welite.sk\/de\/wp-json\/wp\/v2\/pages\/208"}],"collection":[{"href":"https:\/\/www.welite.sk\/de\/wp-json\/wp\/v2\/pages"}],"about":[{"href":"https:\/\/www.welite.sk\/de\/wp-json\/wp\/v2\/types\/page"}],"author":[{"embeddable":true,"href":"https:\/\/www.welite.sk\/de\/wp-json\/wp\/v2\/users\/1"}],"replies":[{"embeddable":true,"href":"https:\/\/www.welite.sk\/de\/wp-json\/wp\/v2\/comments?post=208"}],"version-history":[{"count":6,"href":"https:\/\/www.welite.sk\/de\/wp-json\/wp\/v2\/pages\/208\/revisions"}],"predecessor-version":[{"id":1149,"href":"https:\/\/www.welite.sk\/de\/wp-json\/wp\/v2\/pages\/208\/revisions\/1149"}],"wp:attachment":[{"href":"https:\/\/www.welite.sk\/de\/wp-json\/wp\/v2\/media?parent=208"}],"curies":[{"name":"wp","href":"https:\/\/api.w.org\/{rel}","templated":true}]}}