{"id":163,"date":"2025-10-21T21:21:39","date_gmt":"2025-10-21T19:21:39","guid":{"rendered":"https:\/\/www.welite.sk\/?page_id=163"},"modified":"2026-01-12T21:07:15","modified_gmt":"2026-01-12T20:07:15","slug":"certifikacie","status":"publish","type":"page","link":"https:\/\/www.welite.sk\/de\/certifikacie","title":{"rendered":"Zertifizierungen"},"content":{"rendered":"<div data-elementor-type=\"wp-page\" data-elementor-id=\"163\" class=\"elementor elementor-163\" data-elementor-post-type=\"page\">\n\t\t\t\t<div class=\"elementor-element elementor-element-3d8cd18 e-flex e-con-boxed e-con e-parent\" data-id=\"3d8cd18\" data-element_type=\"container\" data-settings=\"{&quot;background_background&quot;:&quot;classic&quot;}\">\n\t\t\t\t\t<div class=\"e-con-inner\">\n\t\t\t\t\t<\/div>\n\t\t\t\t<\/div>\n\t\t<div class=\"elementor-element elementor-element-69acf3d e-flex e-con-boxed e-con e-parent\" data-id=\"69acf3d\" data-element_type=\"container\" data-settings=\"{&quot;background_background&quot;:&quot;gradient&quot;}\">\n\t\t\t\t\t<div class=\"e-con-inner\">\n\t\t<div class=\"elementor-element elementor-element-d062169 e-con-full e-flex e-con e-child\" data-id=\"d062169\" data-element_type=\"container\">\n\t\t\t\t<div class=\"elementor-element elementor-element-5ad63b6 elementor-invisible elementor-widget elementor-widget-heading\" data-id=\"5ad63b6\" data-element_type=\"widget\" data-settings=\"{&quot;_animation&quot;:&quot;fadeInLeft&quot;}\" data-widget_type=\"heading.default\">\n\t\t\t\t\t<h2 class=\"elementor-heading-title elementor-size-default\">Zertifizierungen<\/h2>\t\t\t\t<\/div>\n\t\t\t\t<div class=\"elementor-element elementor-element-f5ea5ae elementor-widget__width-initial elementor-widget-mobile__width-inherit elementor-invisible elementor-widget elementor-widget-text-editor\" data-id=\"f5ea5ae\" data-element_type=\"widget\" data-settings=\"{&quot;_animation&quot;:&quot;fadeInLeft&quot;,&quot;_animation_delay&quot;:500}\" data-widget_type=\"text-editor.default\">\n\t\t\t\t\t\t\t\t\t<p>Welders Elite, s.r.o. ist Inhaber des SCCp (Sicherheitszertifikat f\u00fcr Bauunternehmen)<\/p>\t\t\t\t\t\t\t\t<\/div>\n\t\t\t\t<div class=\"elementor-element elementor-element-688da6c elementor-hidden-desktop elementor-hidden-tablet elementor-invisible elementor-widget elementor-widget-image\" data-id=\"688da6c\" data-element_type=\"widget\" data-settings=\"{&quot;_animation&quot;:&quot;fadeInUp&quot;,&quot;_animation_delay&quot;:750}\" data-widget_type=\"image.default\">\n\t\t\t\t\t\t\t\t\t\t\t\t\t\t\t<img fetchpriority=\"high\" decoding=\"async\" width=\"724\" height=\"1024\" src=\"https:\/\/www.welite.sk\/wp-content\/uploads\/2025\/10\/Welders-Elite_SCC-P-s-podpisom-724x1024.jpg\" class=\"attachment-large size-large wp-image-182\" alt=\"\" srcset=\"https:\/\/www.welite.sk\/wp-content\/uploads\/2025\/10\/Welders-Elite_SCC-P-s-podpisom-724x1024.jpg 724w, https:\/\/www.welite.sk\/wp-content\/uploads\/2025\/10\/Welders-Elite_SCC-P-s-podpisom-212x300.jpg 212w, https:\/\/www.welite.sk\/wp-content\/uploads\/2025\/10\/Welders-Elite_SCC-P-s-podpisom.jpg 760w\" sizes=\"(max-width: 724px) 100vw, 724px\" \/>\t\t\t\t\t\t\t\t\t\t\t\t\t\t\t<\/div>\n\t\t\t\t<\/div>\n\t\t<div class=\"elementor-element elementor-element-491e134 e-con-full e-flex e-con e-child\" data-id=\"491e134\" data-element_type=\"container\">\n\t\t<div class=\"elementor-element elementor-element-30f7c22 e-con-full elementor-hidden-mobile e-flex e-con e-child\" data-id=\"30f7c22\" data-element_type=\"container\">\n\t\t\t\t<div class=\"elementor-element elementor-element-bc59d8f elementor-widget__width-initial elementor-widget-mobile__width-inherit elementor-invisible elementor-widget elementor-widget-text-editor\" data-id=\"bc59d8f\" data-element_type=\"widget\" data-settings=\"{&quot;_animation&quot;:&quot;fadeInLeft&quot;,&quot;_animation_delay&quot;:1000}\" data-widget_type=\"text-editor.default\">\n\t\t\t\t\t\t\t\t\t<p>Dieses Zertifikat best\u00e4tigt, dass unser Sicherheits-, Gesundheits- und Umweltmanagementsystem (SGU) die h\u00f6chsten petrochemischen Standards gem\u00e4\u00df der Norm SCC-VAZ 2021 erf\u00fcllt.<\/p>\t\t\t\t\t\t\t\t<\/div>\n\t\t\t\t<\/div>\n\t\t<div class=\"elementor-element elementor-element-e31c0c9 e-con-full elementor-hidden-desktop elementor-hidden-tablet e-flex e-con e-child\" data-id=\"e31c0c9\" data-element_type=\"container\" data-settings=\"{&quot;background_background&quot;:&quot;classic&quot;}\">\n\t\t\t\t<div class=\"elementor-element elementor-element-450bf5a elementor-widget__width-initial elementor-widget-mobile__width-inherit elementor-invisible elementor-widget elementor-widget-text-editor\" data-id=\"450bf5a\" data-element_type=\"widget\" data-settings=\"{&quot;_animation&quot;:&quot;fadeInLeft&quot;,&quot;_animation_delay&quot;:1000}\" data-widget_type=\"text-editor.default\">\n\t\t\t\t\t\t\t\t\t<p>Dieses Zertifikat best\u00e4tigt, dass unser Sicherheits-, Gesundheits- und Umweltmanagementsystem (SGU) die h\u00f6chsten petrochemischen Standards gem\u00e4\u00df der Norm SCC-VAZ 2021 erf\u00fcllt.<\/p>\t\t\t\t\t\t\t\t<\/div>\n\t\t\t\t<\/div>\n\t\t<div class=\"elementor-element elementor-element-9f10754 e-con-full elementor-hidden-mobile e-flex e-con e-child\" data-id=\"9f10754\" data-element_type=\"container\">\n\t\t\t\t<div class=\"elementor-element elementor-element-b259f71 elementor-hidden-mobile elementor-invisible elementor-widget elementor-widget-image\" data-id=\"b259f71\" data-element_type=\"widget\" data-settings=\"{&quot;_animation&quot;:&quot;fadeInUp&quot;,&quot;_animation_delay&quot;:750}\" data-widget_type=\"image.default\">\n\t\t\t\t\t\t\t\t\t\t\t\t\t\t\t<img fetchpriority=\"high\" decoding=\"async\" width=\"724\" height=\"1024\" src=\"https:\/\/www.welite.sk\/wp-content\/uploads\/2025\/10\/Welders-Elite_SCC-P-s-podpisom-724x1024.jpg\" class=\"attachment-large size-large wp-image-182\" alt=\"\" srcset=\"https:\/\/www.welite.sk\/wp-content\/uploads\/2025\/10\/Welders-Elite_SCC-P-s-podpisom-724x1024.jpg 724w, https:\/\/www.welite.sk\/wp-content\/uploads\/2025\/10\/Welders-Elite_SCC-P-s-podpisom-212x300.jpg 212w, https:\/\/www.welite.sk\/wp-content\/uploads\/2025\/10\/Welders-Elite_SCC-P-s-podpisom.jpg 760w\" sizes=\"(max-width: 724px) 100vw, 724px\" \/>\t\t\t\t\t\t\t\t\t\t\t\t\t\t\t<\/div>\n\t\t\t\t<\/div>\n\t\t\t\t<\/div>\n\t\t\t\t\t<\/div>\n\t\t\t\t<\/div>\n\t\t<div class=\"elementor-element elementor-element-e37a093 e-flex e-con-boxed e-con e-parent\" data-id=\"e37a093\" data-element_type=\"container\">\n\t\t\t\t\t<div class=\"e-con-inner\">\n\t\t<div class=\"elementor-element elementor-element-f280587 e-grid e-con-full e-con e-child\" data-id=\"f280587\" data-element_type=\"container\">\n\t\t\t\t<div class=\"elementor-element elementor-element-ca44845 elementor-invisible elementor-widget elementor-widget-image\" data-id=\"ca44845\" data-element_type=\"widget\" data-settings=\"{&quot;_animation&quot;:&quot;fadeInUp&quot;,&quot;_animation_delay&quot;:750}\" data-widget_type=\"image.default\">\n\t\t\t\t\t\t\t\t\t\t\t\t\t\t\t\t<a href=\"https:\/\/www.welite.sk\/wp-content\/uploads\/2026\/01\/ISO-45001_DE_CeMS-certifikat-sken-1.jpg\" data-elementor-open-lightbox=\"yes\" data-elementor-lightbox-title=\"ISO 45001_SK_CeMS certifik\u00e1t - sken-1\" data-e-action-hash=\"#elementor-action%3Aaction%3Dlightbox%26settings%3DeyJpZCI6MTEyMywidXJsIjoiaHR0cHM6XC9cL3d3dy53ZWxpdGUuc2tcL3dwLWNvbnRlbnRcL3VwbG9hZHNcLzIwMjZcLzAxXC9JU08tNDUwMDFfU0tfQ2VNUy1jZXJ0aWZpa2F0LXNrZW4tMS5qcGcifQ%3D%3D\">\n\t\t\t\t\t\t\t<img decoding=\"async\" width=\"724\" height=\"1024\" src=\"https:\/\/www.welite.sk\/wp-content\/uploads\/2026\/01\/ISO-45001_DE_CeMS-certifikat-sken-1.jpg\" class=\"attachment-large size-large wp-image-1123\" alt=\"\" srcset=\"https:\/\/www.welite.sk\/wp-content\/uploads\/2026\/01\/ISO-45001_DE_CeMS-certifikat-sken-1.jpg 1653w, https:\/\/www.welite.sk\/wp-content\/uploads\/2026\/01\/ISO-45001_DE_CeMS-certifikat-sken-1-212x300.jpg 212w, https:\/\/www.welite.sk\/wp-content\/uploads\/2026\/01\/ISO-45001_DE_CeMS-certifikat-sken-1-724x1024.jpg 724w, https:\/\/www.welite.sk\/wp-content\/uploads\/2026\/01\/ISO-45001_DE_CeMS-certifikat-sken-1-768x1086.jpg 768w, https:\/\/www.welite.sk\/wp-content\/uploads\/2026\/01\/ISO-45001_DE_CeMS-certifikat-sken-1-1086x1536.jpg 1086w, https:\/\/www.welite.sk\/wp-content\/uploads\/2026\/01\/ISO-45001_DE_CeMS-certifikat-sken-1-1449x2048.jpg 1449w, https:\/\/www.welite.sk\/wp-content\/uploads\/2026\/01\/ISO-45001_DE_CeMS-certifikat-sken-1-8x12.jpg 8w\" sizes=\"(max-width: 724px) 100vw, 724px\" \/>\t\t\t\t\t\t\t\t<\/a>\n\t\t\t\t\t\t\t\t\t\t\t\t\t\t\t<\/div>\n\t\t\t\t<div class=\"elementor-element elementor-element-e9e994c elementor-invisible elementor-widget elementor-widget-image\" data-id=\"e9e994c\" data-element_type=\"widget\" data-settings=\"{&quot;_animation&quot;:&quot;fadeInUp&quot;,&quot;_animation_delay&quot;:750}\" data-widget_type=\"image.default\">\n\t\t\t\t\t\t\t\t\t\t\t\t\t\t\t\t<a href=\"https:\/\/www.welite.sk\/wp-content\/uploads\/2026\/01\/ISO-14001_DE_CeMS-certifikat-sken-1.jpg\" data-elementor-open-lightbox=\"yes\" data-elementor-lightbox-title=\"ISO 14001_SK_CeMS certifik\u00e1t -sken-1\" data-e-action-hash=\"#elementor-action%3Aaction%3Dlightbox%26settings%3DeyJpZCI6MTEyNiwidXJsIjoiaHR0cHM6XC9cL3d3dy53ZWxpdGUuc2tcL3dwLWNvbnRlbnRcL3VwbG9hZHNcLzIwMjZcLzAxXC9JU08tMTQwMDFfU0tfQ2VNUy1jZXJ0aWZpa2F0LXNrZW4tMS5qcGcifQ%3D%3D\">\n\t\t\t\t\t\t\t<img decoding=\"async\" width=\"724\" height=\"1024\" src=\"https:\/\/www.welite.sk\/wp-content\/uploads\/2026\/01\/ISO-14001_DE_CeMS-certifikat-sken-1.jpg\" class=\"attachment-large size-large wp-image-1126\" alt=\"\" srcset=\"https:\/\/www.welite.sk\/wp-content\/uploads\/2026\/01\/ISO-14001_DE_CeMS-certifikat-sken-1.jpg 1653w, https:\/\/www.welite.sk\/wp-content\/uploads\/2026\/01\/ISO-14001_DE_CeMS-certifikat-sken-1-212x300.jpg 212w, https:\/\/www.welite.sk\/wp-content\/uploads\/2026\/01\/ISO-14001_DE_CeMS-certifikat-sken-1-724x1024.jpg 724w, https:\/\/www.welite.sk\/wp-content\/uploads\/2026\/01\/ISO-14001_DE_CeMS-certifikat-sken-1-768x1086.jpg 768w, https:\/\/www.welite.sk\/wp-content\/uploads\/2026\/01\/ISO-14001_DE_CeMS-certifikat-sken-1-1086x1536.jpg 1086w, https:\/\/www.welite.sk\/wp-content\/uploads\/2026\/01\/ISO-14001_DE_CeMS-certifikat-sken-1-1449x2048.jpg 1449w, https:\/\/www.welite.sk\/wp-content\/uploads\/2026\/01\/ISO-14001_DE_CeMS-certifikat-sken-1-8x12.jpg 8w\" sizes=\"(max-width: 724px) 100vw, 724px\" \/>\t\t\t\t\t\t\t\t<\/a>\n\t\t\t\t\t\t\t\t\t\t\t\t\t\t\t<\/div>\n\t\t\t\t<div class=\"elementor-element elementor-element-eabf982 elementor-invisible elementor-widget elementor-widget-image\" data-id=\"eabf982\" data-element_type=\"widget\" data-settings=\"{&quot;_animation&quot;:&quot;fadeInUp&quot;,&quot;_animation_delay&quot;:750}\" data-widget_type=\"image.default\">\n\t\t\t\t\t\t\t\t\t\t\t\t\t\t\t\t<a href=\"https:\/\/www.welite.sk\/wp-content\/uploads\/2026\/01\/ISO-9001_DE_CeMS-certifikat-sken-1.jpg\" data-elementor-open-lightbox=\"yes\" data-elementor-lightbox-title=\"ISO 9001_SK_CeMS certifik\u00e1t -s ken-1\" data-e-action-hash=\"#elementor-action%3Aaction%3Dlightbox%26settings%3DeyJpZCI6MTEyOSwidXJsIjoiaHR0cHM6XC9cL3d3dy53ZWxpdGUuc2tcL3dwLWNvbnRlbnRcL3VwbG9hZHNcLzIwMjZcLzAxXC9JU08tOTAwMV9TS19DZU1TLWNlcnRpZmlrYXQtcy1rZW4tMS5qcGcifQ%3D%3D\">\n\t\t\t\t\t\t\t<img loading=\"lazy\" decoding=\"async\" width=\"724\" height=\"1024\" src=\"https:\/\/www.welite.sk\/wp-content\/uploads\/2026\/01\/ISO-9001_DE_CeMS-certifikat-sken-1.jpg\" class=\"attachment-large size-large wp-image-1129\" alt=\"\" srcset=\"https:\/\/www.welite.sk\/wp-content\/uploads\/2026\/01\/ISO-9001_DE_CeMS-certifikat-sken-1.jpg 1653w, https:\/\/www.welite.sk\/wp-content\/uploads\/2026\/01\/ISO-9001_DE_CeMS-certifikat-sken-1-212x300.jpg 212w, https:\/\/www.welite.sk\/wp-content\/uploads\/2026\/01\/ISO-9001_DE_CeMS-certifikat-sken-1-724x1024.jpg 724w, https:\/\/www.welite.sk\/wp-content\/uploads\/2026\/01\/ISO-9001_DE_CeMS-certifikat-sken-1-768x1086.jpg 768w, https:\/\/www.welite.sk\/wp-content\/uploads\/2026\/01\/ISO-9001_DE_CeMS-certifikat-sken-1-1086x1536.jpg 1086w, https:\/\/www.welite.sk\/wp-content\/uploads\/2026\/01\/ISO-9001_DE_CeMS-certifikat-sken-1-1449x2048.jpg 1449w, https:\/\/www.welite.sk\/wp-content\/uploads\/2026\/01\/ISO-9001_DE_CeMS-certifikat-sken-1-8x12.jpg 8w\" sizes=\"(max-width: 724px) 100vw, 724px\" \/>\t\t\t\t\t\t\t\t<\/a>\n\t\t\t\t\t\t\t\t\t\t\t\t\t\t\t<\/div>\n\t\t\t\t<\/div>\n\t\t\t\t\t<\/div>\n\t\t\t\t<\/div>\n\t\t<div class=\"elementor-element elementor-element-a8ba356 e-con-full e-flex e-con e-parent\" data-id=\"a8ba356\" data-element_type=\"container\" data-settings=\"{&quot;background_background&quot;:&quot;classic&quot;}\">\n\t\t\t\t<div class=\"elementor-element elementor-element-263400b elementor-invisible elementor-widget elementor-widget-text-editor\" data-id=\"263400b\" data-element_type=\"widget\" data-settings=\"{&quot;_animation&quot;:&quot;fadeInUp&quot;}\" data-widget_type=\"text-editor.default\">\n\t\t\t\t\t\t\t\t\t<p><strong>Sicherheit, Qualit\u00e4t und Professionalit\u00e4t<\/strong> <br \/>stehen im Mittelpunkt jedes Projekts, das wir durchf\u00fchren<\/p>\t\t\t\t\t\t\t\t<\/div>\n\t\t\t\t<div class=\"elementor-element elementor-element-51d940b elementor-skin-carousel elementor-arrows-yes elementor-widget elementor-widget-media-carousel\" data-id=\"51d940b\" data-element_type=\"widget\" data-settings=\"{&quot;space_between&quot;:{&quot;unit&quot;:&quot;px&quot;,&quot;size&quot;:0,&quot;sizes&quot;:[]},&quot;skin&quot;:&quot;carousel&quot;,&quot;effect&quot;:&quot;slide&quot;,&quot;show_arrows&quot;:&quot;yes&quot;,&quot;speed&quot;:500,&quot;autoplay&quot;:&quot;yes&quot;,&quot;autoplay_speed&quot;:5000,&quot;loop&quot;:&quot;yes&quot;,&quot;pause_on_hover&quot;:&quot;yes&quot;,&quot;pause_on_interaction&quot;:&quot;yes&quot;,&quot;space_between_tablet&quot;:{&quot;unit&quot;:&quot;px&quot;,&quot;size&quot;:10,&quot;sizes&quot;:[]},&quot;space_between_mobile&quot;:{&quot;unit&quot;:&quot;px&quot;,&quot;size&quot;:10,&quot;sizes&quot;:[]}}\" data-widget_type=\"media-carousel.default\">\n\t\t\t\t\t\t\t\t\t\t<div class=\"elementor-main-swiper swiper\" role=\"region\" aria-roledescription=\"carousel\" aria-label=\"Folien\">\n\t\t\t\t<div class=\"swiper-wrapper\">\n\t\t\t\t\t\t\t\t\t\t\t<div class=\"swiper-slide\" role=\"group\" aria-roledescription=\"slide\">\n\t\t\t\t\t\t\t\t\t<div class=\"elementor-carousel-image\" role=\"img\" aria-label=\"_DSC8014_endg.\" style=\"background-image: url(&#039;https:\/\/www.welite.sk\/wp-content\/uploads\/2025\/11\/DSC8014_final.jpg&#039;)\">\n\n\t\t\t\n\t\t\t\t\t<\/div>\n\t\t\t\t\t\t\t\t<\/div>\n\t\t\t\t\t\t\t\t\t\t\t<div class=\"swiper-slide\" role=\"group\" aria-roledescription=\"slide\">\n\t\t\t\t\t\t\t\t\t<div class=\"elementor-carousel-image\" role=\"img\" aria-label=\"37 Tag der offenen T\u00fcr Febr. 2024\" style=\"background-image: url(&#039;https:\/\/www.welite.sk\/wp-content\/uploads\/2025\/11\/37-Den-otvorenych-dveri-Febr.-2024.jpg&#039;)\">\n\n\t\t\t\n\t\t\t\t\t<\/div>\n\t\t\t\t\t\t\t\t<\/div>\n\t\t\t\t\t\t\t\t\t\t\t<div class=\"swiper-slide\" role=\"group\" aria-roledescription=\"slide\">\n\t\t\t\t\t\t\t\t\t<div class=\"elementor-carousel-image\" role=\"img\" aria-label=\"67 Tag der offenen T\u00fcr Febr. 2024\" style=\"background-image: url(&#039;https:\/\/www.welite.sk\/wp-content\/uploads\/2025\/11\/67-Den-otvorenych-dveri-Febr.-2024.jpg&#039;)\">\n\n\t\t\t\n\t\t\t\t\t<\/div>\n\t\t\t\t\t\t\t\t<\/div>\n\t\t\t\t\t\t\t\t\t\t\t<div class=\"swiper-slide\" role=\"group\" aria-roledescription=\"slide\">\n\t\t\t\t\t\t\t\t\t<div class=\"elementor-carousel-image\" role=\"img\" aria-label=\"Kasten 1\" style=\"background-image: url(&#039;https:\/\/www.welite.sk\/wp-content\/uploads\/2025\/11\/Box-1.jpg&#039;)\">\n\n\t\t\t\n\t\t\t\t\t<\/div>\n\t\t\t\t\t\t\t\t<\/div>\n\t\t\t\t\t\t\t\t\t\t\t<div class=\"swiper-slide\" role=\"group\" aria-roledescription=\"slide\">\n\t\t\t\t\t\t\t\t\t<div class=\"elementor-carousel-image\" role=\"img\" aria-label=\"Halle-7\" style=\"background-image: url(&#039;https:\/\/www.welite.sk\/wp-content\/uploads\/2025\/11\/hala-7.jpg&#039;)\">\n\n\t\t\t\n\t\t\t\t\t<\/div>\n\t\t\t\t\t\t\t\t<\/div>\n\t\t\t\t\t\t\t\t\t\t\t<div class=\"swiper-slide\" role=\"group\" aria-roledescription=\"slide\">\n\t\t\t\t\t\t\t\t\t<div class=\"elementor-carousel-image\" role=\"img\" aria-label=\"Kopie-2\" style=\"background-image: url(&#039;https:\/\/www.welite.sk\/wp-content\/uploads\/2025\/11\/kopia-2.jpg&#039;)\">\n\n\t\t\t\n\t\t\t\t\t<\/div>\n\t\t\t\t\t\t\t\t<\/div>\n\t\t\t\t\t\t\t\t\t\t\t<div class=\"swiper-slide\" role=\"group\" aria-roledescription=\"slide\">\n\t\t\t\t\t\t\t\t\t<div class=\"elementor-carousel-image\" role=\"img\" aria-label=\"vlcsnap-2023-07-19-13h15m10s301\" style=\"background-image: url(&#039;https:\/\/www.welite.sk\/wp-content\/uploads\/2025\/11\/vlcsnap-2023-07-19-13h15m10s301.jpg&#039;)\">\n\n\t\t\t\n\t\t\t\t\t<\/div>\n\t\t\t\t\t\t\t\t<\/div>\n\t\t\t\t\t\t\t\t\t\t\t<div class=\"swiper-slide\" role=\"group\" aria-roledescription=\"slide\">\n\t\t\t\t\t\t\t\t\t<div class=\"elementor-carousel-image\" role=\"img\" aria-label=\"Produktion _ Anschauungsfoto 004\" style=\"background-image: url(&#039;https:\/\/www.welite.sk\/wp-content\/uploads\/2025\/11\/Vyroba-_-Ilustracne-foto-004.jpg&#039;)\">\n\n\t\t\t\n\t\t\t\t\t<\/div>\n\t\t\t\t\t\t\t\t<\/div>\n\t\t\t\t\t\t\t\t\t\t\t<div class=\"swiper-slide\" role=\"group\" aria-roledescription=\"slide\">\n\t\t\t\t\t\t\t\t\t<div class=\"elementor-carousel-image\" role=\"img\" aria-label=\"Produktion _ Anschauungsfoto 017\" style=\"background-image: url(&#039;https:\/\/www.welite.sk\/wp-content\/uploads\/2025\/11\/Vyroba-_-Ilustracne-foto-017.jpg&#039;)\">\n\n\t\t\t\n\t\t\t\t\t<\/div>\n\t\t\t\t\t\t\t\t<\/div>\n\t\t\t\t\t\t\t\t\t<\/div>\n\t\t\t\t\t\t\t\t\t\t\t\t\t\t\t<div class=\"elementor-swiper-button elementor-swiper-button-prev\" role=\"button\" tabindex=\"0\" aria-label=\"Vorherige\">\n\t\t\t\t\t\t\t<svg aria-hidden=\"true\" class=\"e-font-icon-svg e-eicon-chevron-left\" viewbox=\"0 0 1000 1000\" xmlns=\"http:\/\/www.w3.org\/2000\/svg\"><path d=\"M646 125C629 125 613 133 604 142L308 442C296 454 292 471 292 487 292 504 296 521 308 533L604 854C617 867 629 875 646 875 663 875 679 871 692 858 704 846 713 829 713 812 713 796 708 779 692 767L438 487 692 225C700 217 708 204 708 187 708 171 704 154 692 142 675 129 663 125 646 125Z\"><\/path><\/svg>\t\t\t\t\t\t<\/div>\n\t\t\t\t\t\t<div class=\"elementor-swiper-button elementor-swiper-button-next\" role=\"button\" tabindex=\"0\" aria-label=\"Weiter\">\n\t\t\t\t\t\t\t<svg aria-hidden=\"true\" class=\"e-font-icon-svg e-eicon-chevron-right\" viewbox=\"0 0 1000 1000\" xmlns=\"http:\/\/www.w3.org\/2000\/svg\"><path d=\"M696 533C708 521 713 504 713 487 713 471 708 454 696 446L400 146C388 133 375 125 354 125 338 125 325 129 313 142 300 154 292 171 292 187 292 204 296 221 308 233L563 492 304 771C292 783 288 800 288 817 288 833 296 850 308 863 321 871 338 875 354 875 371 875 388 867 400 854L696 533Z\"><\/path><\/svg>\t\t\t\t\t\t<\/div>\n\t\t\t\t\t\t\t\t\t\t\t\t\t\t\t\t\t<\/div>\n\t\t\t\t\t\t\t\t<\/div>\n\t\t\t\t<\/div>\n\t\t\t\t<\/div>","protected":false},"excerpt":{"rendered":"<p>Certifik\u00e1cie Spolo\u010dnos\u0165 Welders Elite, s.r.o. je dr\u017eite\u013eom SCCp(Safety Certificate Contractors) Tento certifik\u00e1t potvrdzuje, \u017ee n\u00e1\u0161 syst\u00e9m riadenia bezpe\u010dnosti, zdravia a ochrany \u017eivotn\u00e9ho prostredia (SGU) sp\u013a\u0148a najvy\u0161\u0161ie petrochemick\u00e9 \u0161tandardy pod\u013ea normy SCC-VAZ 2021. Tento certifik\u00e1t potvrdzuje, \u017ee n\u00e1\u0161 syst\u00e9m riadenia bezpe\u010dnosti, zdravia a ochrany \u017eivotn\u00e9ho prostredia (SGU) sp\u013a\u0148a najvy\u0161\u0161ie petrochemick\u00e9 \u0161tandardy pod\u013ea normy SCC-VAZ 2021. Bezpe\u010dnos\u0165, [&hellip;]<\/p>","protected":false},"author":1,"featured_media":0,"parent":0,"menu_order":0,"comment_status":"closed","ping_status":"closed","template":"","meta":{"footnotes":""},"class_list":["post-163","page","type-page","status-publish","hentry"],"_links":{"self":[{"href":"https:\/\/www.welite.sk\/de\/wp-json\/wp\/v2\/pages\/163"}],"collection":[{"href":"https:\/\/www.welite.sk\/de\/wp-json\/wp\/v2\/pages"}],"about":[{"href":"https:\/\/www.welite.sk\/de\/wp-json\/wp\/v2\/types\/page"}],"author":[{"embeddable":true,"href":"https:\/\/www.welite.sk\/de\/wp-json\/wp\/v2\/users\/1"}],"replies":[{"embeddable":true,"href":"https:\/\/www.welite.sk\/de\/wp-json\/wp\/v2\/comments?post=163"}],"version-history":[{"count":6,"href":"https:\/\/www.welite.sk\/de\/wp-json\/wp\/v2\/pages\/163\/revisions"}],"predecessor-version":[{"id":1137,"href":"https:\/\/www.welite.sk\/de\/wp-json\/wp\/v2\/pages\/163\/revisions\/1137"}],"wp:attachment":[{"href":"https:\/\/www.welite.sk\/de\/wp-json\/wp\/v2\/media?parent=163"}],"curies":[{"name":"wp","href":"https:\/\/api.w.org\/{rel}","templated":true}]}}