{"id":137,"date":"2025-10-21T20:36:08","date_gmt":"2025-10-21T18:36:08","guid":{"rendered":"https:\/\/www.welite.sk\/?page_id=137"},"modified":"2026-03-19T20:18:37","modified_gmt":"2026-03-19T19:18:37","slug":"o-nas","status":"publish","type":"page","link":"https:\/\/www.welite.sk\/de\/o-nas","title":{"rendered":"\u00dcber uns"},"content":{"rendered":"<div data-elementor-type=\"wp-page\" data-elementor-id=\"137\" class=\"elementor elementor-137\" data-elementor-post-type=\"page\">\n\t\t\t\t<div class=\"elementor-element elementor-element-efee0cd e-flex e-con-boxed e-con e-parent\" data-id=\"efee0cd\" data-element_type=\"container\" data-settings=\"{&quot;background_background&quot;:&quot;classic&quot;}\">\n\t\t\t\t\t<div class=\"e-con-inner\">\n\t\t\t\t\t<\/div>\n\t\t\t\t<\/div>\n\t\t<div class=\"elementor-element elementor-element-9af6370 e-flex e-con-boxed e-con e-parent\" data-id=\"9af6370\" data-element_type=\"container\">\n\t\t\t\t\t<div class=\"e-con-inner\">\n\t\t<div class=\"elementor-element elementor-element-8b868e4 e-con-full e-flex e-con e-child\" data-id=\"8b868e4\" data-element_type=\"container\">\n\t\t\t\t<div class=\"elementor-element elementor-element-9b0668b elementor-invisible elementor-widget elementor-widget-heading\" data-id=\"9b0668b\" data-element_type=\"widget\" data-settings=\"{&quot;_animation&quot;:&quot;fadeInLeft&quot;}\" data-widget_type=\"heading.default\">\n\t\t\t\t\t<h2 class=\"elementor-heading-title elementor-size-default\">\u00dcber uns<\/h2>\t\t\t\t<\/div>\n\t\t\t\t<div class=\"elementor-element elementor-element-a325da5 elementor-invisible elementor-widget elementor-widget-text-editor\" data-id=\"a325da5\" data-element_type=\"widget\" data-settings=\"{&quot;_animation&quot;:&quot;fadeInLeft&quot;,&quot;_animation_delay&quot;:500}\" data-widget_type=\"text-editor.default\">\n\t\t\t\t\t\t\t\t\t<p>Wir sind auf die Vorbereitung, das Schwei\u00dfen und die Montage von Rohrleitungen, Beh\u00e4ltern und Strukturen aus verschiedenen Materialien spezialisiert. Wir f\u00fchren unsere Projekte f\u00fcr den Maschinenbau und die Industrie aus, wobei wir stets auf Pr\u00e4zision, Sicherheit und Qualit\u00e4t achten.<\/p><p>Wir haben <strong>Produktionshalle<\/strong> mit einer Fl\u00e4che von <strong>3000 m2<\/strong>ausgestattet mit modernsten Technologien - von Trumpf-Biegepressen \u00fcber MIG\/MAG-, WIG- und MMA-Schwei\u00dfmaschinen der Marken LORCH, KEMPPI und Fronius bis hin zum Orbitalschwei\u00dfen ORBITEC und AXXAIR. <strong>Mit dieser Ausr\u00fcstung k\u00f6nnen wir auch anspruchsvolle Projekte auf hohem Niveau durchf\u00fchren.<\/strong><\/p>\t\t\t\t\t\t\t\t<\/div>\n\t\t\t\t<\/div>\n\t\t\t\t\t<\/div>\n\t\t\t\t<\/div>\n\t\t<div class=\"elementor-element elementor-element-09b7259 e-flex e-con-boxed e-con e-parent\" data-id=\"09b7259\" data-element_type=\"container\" data-settings=\"{&quot;background_background&quot;:&quot;classic&quot;}\">\n\t\t\t\t\t<div class=\"e-con-inner\">\n\t\t<div class=\"elementor-element elementor-element-2e3a278 e-con-full e-flex e-con e-child\" data-id=\"2e3a278\" data-element_type=\"container\">\n\t\t\t\t<div class=\"elementor-element elementor-element-ae27d2c elementor-invisible elementor-widget elementor-widget-text-editor\" data-id=\"ae27d2c\" data-element_type=\"widget\" data-settings=\"{&quot;_animation&quot;:&quot;fadeInUp&quot;}\" data-widget_type=\"text-editor.default\">\n\t\t\t\t\t\t\t\t\t<p>Wenn Sie einen zuverl\u00e4ssigen Partner f\u00fcr Schwei\u00df- oder Montagearbeiten suchen - wir sind f\u00fcr Sie da.<\/p>\t\t\t\t\t\t\t\t<\/div>\n\t\t\t\t<\/div>\n\t\t<div class=\"elementor-element elementor-element-f2ef8e5 e-con-full e-flex e-con e-child\" data-id=\"f2ef8e5\" data-element_type=\"container\">\n\t\t\t\t<div class=\"elementor-element elementor-element-1c23eee elementor-align-center elementor-invisible elementor-widget elementor-widget-button\" data-id=\"1c23eee\" data-element_type=\"widget\" data-settings=\"{&quot;_animation&quot;:&quot;fadeInUp&quot;}\" data-widget_type=\"button.default\">\n\t\t\t\t\t\t\t\t\t\t<a class=\"elementor-button elementor-button-link elementor-size-sm elementor-animation-float\" href=\"https:\/\/www.welite.sk\/de\/kontakt\/\">\n\t\t\t\t\t\t<span class=\"elementor-button-content-wrapper\">\n\t\t\t\t\t\t<span class=\"elementor-button-icon\">\n\t\t\t\t<svg aria-hidden=\"true\" class=\"e-font-icon-svg e-fas-chevron-right\" viewbox=\"0 0 320 512\" xmlns=\"http:\/\/www.w3.org\/2000\/svg\"><path d=\"M285.476 272.971L91.132 467.314c-9.373 9.373-24.569 9.373-33.941 0l-22.667-22.667c-9.357-9.357-9.375-24.522-.04-33.901L188.505 256 34.484 101.255c-9.335-9.379-9.317-24.544.04-33.901l22.667-22.667c9.373-9.373 24.569-9.373 33.941 0L285.475 239.03c9.373 9.372 9.373 24.568.001 33.941z\"><\/path><\/svg>\t\t\t<\/span>\n\t\t\t\t\t\t\t\t\t<span class=\"elementor-button-text\">Kontakt<\/span>\n\t\t\t\t\t<\/span>\n\t\t\t\t\t<\/a>\n\t\t\t\t\t\t\t\t<\/div>\n\t\t\t\t<\/div>\n\t\t\t\t\t<\/div>\n\t\t\t\t<\/div>\n\t\t<div class=\"elementor-element elementor-element-2498299 e-con-full e-flex e-con e-parent\" data-id=\"2498299\" data-element_type=\"container\">\n\t\t\t\t<div class=\"elementor-element elementor-element-cf31d77 elementor-skin-carousel elementor-arrows-yes elementor-widget elementor-widget-media-carousel\" data-id=\"cf31d77\" data-element_type=\"widget\" data-settings=\"{&quot;space_between&quot;:{&quot;unit&quot;:&quot;px&quot;,&quot;size&quot;:0,&quot;sizes&quot;:[]},&quot;skin&quot;:&quot;carousel&quot;,&quot;effect&quot;:&quot;slide&quot;,&quot;show_arrows&quot;:&quot;yes&quot;,&quot;speed&quot;:500,&quot;autoplay&quot;:&quot;yes&quot;,&quot;autoplay_speed&quot;:5000,&quot;loop&quot;:&quot;yes&quot;,&quot;pause_on_hover&quot;:&quot;yes&quot;,&quot;pause_on_interaction&quot;:&quot;yes&quot;,&quot;space_between_tablet&quot;:{&quot;unit&quot;:&quot;px&quot;,&quot;size&quot;:10,&quot;sizes&quot;:[]},&quot;space_between_mobile&quot;:{&quot;unit&quot;:&quot;px&quot;,&quot;size&quot;:10,&quot;sizes&quot;:[]}}\" data-widget_type=\"media-carousel.default\">\n\t\t\t\t\t\t\t\t\t\t<div class=\"elementor-main-swiper swiper\" role=\"region\" aria-roledescription=\"carousel\" aria-label=\"Folien\">\n\t\t\t\t<div class=\"swiper-wrapper\">\n\t\t\t\t\t\t\t\t\t\t\t<div class=\"swiper-slide\" role=\"group\" aria-roledescription=\"slide\">\n\t\t\t\t\t\t\t\t\t<div class=\"elementor-carousel-image\" role=\"img\" aria-label=\"Produktion-Illustrative-Fotos-028\" style=\"background-image: url(&#039;https:\/\/www.welite.sk\/wp-content\/uploads\/2025\/11\/Vyroba-Ilustracne-foto-028.jpg&#039;)\">\n\n\t\t\t\n\t\t\t\t\t<\/div>\n\t\t\t\t\t\t\t\t<\/div>\n\t\t\t\t\t\t\t\t\t\t\t<div class=\"swiper-slide\" role=\"group\" aria-roledescription=\"slide\">\n\t\t\t\t\t\t\t\t\t<div class=\"elementor-carousel-image\" role=\"img\" aria-label=\"Produktion-Illustrative-Fotos-009\" style=\"background-image: url(&#039;https:\/\/www.welite.sk\/wp-content\/uploads\/2025\/11\/Vyroba-Ilustracne-foto-009.jpg&#039;)\">\n\n\t\t\t\n\t\t\t\t\t<\/div>\n\t\t\t\t\t\t\t\t<\/div>\n\t\t\t\t\t\t\t\t\t\t\t<div class=\"swiper-slide\" role=\"group\" aria-roledescription=\"slide\">\n\t\t\t\t\t\t\t\t\t<div class=\"elementor-carousel-image\" role=\"img\" aria-label=\"6-4\" style=\"background-image: url(&#039;https:\/\/www.welite.sk\/wp-content\/uploads\/2025\/11\/6-4.jpg&#039;)\">\n\n\t\t\t\n\t\t\t\t\t<\/div>\n\t\t\t\t\t\t\t\t<\/div>\n\t\t\t\t\t\t\t\t\t\t\t<div class=\"swiper-slide\" role=\"group\" aria-roledescription=\"slide\">\n\t\t\t\t\t\t\t\t\t<div class=\"elementor-carousel-image\" role=\"img\" aria-label=\"Halle 5\" style=\"background-image: url(&#039;https:\/\/www.welite.sk\/wp-content\/uploads\/2025\/11\/Hala-5.jpg&#039;)\">\n\n\t\t\t\n\t\t\t\t\t<\/div>\n\t\t\t\t\t\t\t\t<\/div>\n\t\t\t\t\t\t\t\t\t\t\t<div class=\"swiper-slide\" role=\"group\" aria-roledescription=\"slide\">\n\t\t\t\t\t\t\t\t\t<div class=\"elementor-carousel-image\" role=\"img\" aria-label=\"Produktion _ Illustrationsfoto 026\" style=\"background-image: url(&#039;https:\/\/www.welite.sk\/wp-content\/uploads\/2025\/11\/Vyroba-_-Ilustracne-foto-026.jpg&#039;)\">\n\n\t\t\t\n\t\t\t\t\t<\/div>\n\t\t\t\t\t\t\t\t<\/div>\n\t\t\t\t\t\t\t\t\t\t\t<div class=\"swiper-slide\" role=\"group\" aria-roledescription=\"slide\">\n\t\t\t\t\t\t\t\t\t<div class=\"elementor-carousel-image\" role=\"img\" aria-label=\"Produktion _ Illustrationsfoto 023\" style=\"background-image: url(&#039;https:\/\/www.welite.sk\/wp-content\/uploads\/2025\/11\/Vyroba-_-Ilustracne-foto-023.jpg&#039;)\">\n\n\t\t\t\n\t\t\t\t\t<\/div>\n\t\t\t\t\t\t\t\t<\/div>\n\t\t\t\t\t\t\t\t\t\t\t<div class=\"swiper-slide\" role=\"group\" aria-roledescription=\"slide\">\n\t\t\t\t\t\t\t\t\t<div class=\"elementor-carousel-image\" role=\"img\" aria-label=\"pexels-designecologist-1999463\" style=\"background-image: url(&#039;https:\/\/www.welite.sk\/wp-content\/uploads\/2025\/11\/pexels-designecologist-1999463.jpg&#039;)\">\n\n\t\t\t\n\t\t\t\t\t<\/div>\n\t\t\t\t\t\t\t\t<\/div>\n\t\t\t\t\t\t\t\t\t\t\t<div class=\"swiper-slide\" role=\"group\" aria-roledescription=\"slide\">\n\t\t\t\t\t\t\t\t\t<div class=\"elementor-carousel-image\" role=\"img\" aria-label=\"Produktion _ Illustrationsfoto 029\" style=\"background-image: url(&#039;https:\/\/www.welite.sk\/wp-content\/uploads\/2025\/11\/Vyroba-_-Ilustracne-foto-029.jpg&#039;)\">\n\n\t\t\t\n\t\t\t\t\t<\/div>\n\t\t\t\t\t\t\t\t<\/div>\n\t\t\t\t\t\t\t\t\t\t\t<div class=\"swiper-slide\" role=\"group\" aria-roledescription=\"slide\">\n\t\t\t\t\t\t\t\t\t<div class=\"elementor-carousel-image\" role=\"img\" aria-label=\"26\" style=\"background-image: url(&#039;https:\/\/www.welite.sk\/wp-content\/uploads\/2025\/11\/26.jpg&#039;)\">\n\n\t\t\t\n\t\t\t\t\t<\/div>\n\t\t\t\t\t\t\t\t<\/div>\n\t\t\t\t\t\t\t\t\t<\/div>\n\t\t\t\t\t\t\t\t\t\t\t\t\t\t\t<div class=\"elementor-swiper-button elementor-swiper-button-prev\" role=\"button\" tabindex=\"0\" aria-label=\"Vorherige\">\n\t\t\t\t\t\t\t<svg aria-hidden=\"true\" class=\"e-font-icon-svg e-eicon-chevron-left\" viewbox=\"0 0 1000 1000\" xmlns=\"http:\/\/www.w3.org\/2000\/svg\"><path d=\"M646 125C629 125 613 133 604 142L308 442C296 454 292 471 292 487 292 504 296 521 308 533L604 854C617 867 629 875 646 875 663 875 679 871 692 858 704 846 713 829 713 812 713 796 708 779 692 767L438 487 692 225C700 217 708 204 708 187 708 171 704 154 692 142 675 129 663 125 646 125Z\"><\/path><\/svg>\t\t\t\t\t\t<\/div>\n\t\t\t\t\t\t<div class=\"elementor-swiper-button elementor-swiper-button-next\" role=\"button\" tabindex=\"0\" aria-label=\"Weiter\">\n\t\t\t\t\t\t\t<svg aria-hidden=\"true\" class=\"e-font-icon-svg e-eicon-chevron-right\" viewbox=\"0 0 1000 1000\" xmlns=\"http:\/\/www.w3.org\/2000\/svg\"><path d=\"M696 533C708 521 713 504 713 487 713 471 708 454 696 446L400 146C388 133 375 125 354 125 338 125 325 129 313 142 300 154 292 171 292 187 292 204 296 221 308 233L563 492 304 771C292 783 288 800 288 817 288 833 296 850 308 863 321 871 338 875 354 875 371 875 388 867 400 854L696 533Z\"><\/path><\/svg>\t\t\t\t\t\t<\/div>\n\t\t\t\t\t\t\t\t\t\t\t\t\t\t\t\t\t<\/div>\n\t\t\t\t\t\t\t\t<\/div>\n\t\t\t\t<\/div>\n\t\t\t\t<\/div>","protected":false},"excerpt":{"rendered":"<p>O n\u00e1s \u0160pecializujeme sa na pr\u00edpravu, zv\u00e1ranie a mont\u00e1\u017e potrubn\u00fdch syst\u00e9mov, n\u00e1dr\u017e\u00ed a kon\u0161trukci\u00ed z r\u00f4znych materi\u00e1lov. Na\u0161e projekty realizujeme pre stroj\u00e1rsky a priemyseln\u00fd sektor, pri\u010dom v\u017edy db\u00e1me na presnos\u0165, bezpe\u010dnos\u0165 a kvalitu. Disponujeme v\u00fdrobnou halou s rozlohou 3000 m2, vybavenou modern\u00fdmi technol\u00f3giami \u2013 od Trumpf ohra\u0148ovac\u00edch lisov, cez MIG\/MAG, WIG a MMA zv\u00e1racie stroje [&hellip;]<\/p>","protected":false},"author":1,"featured_media":0,"parent":0,"menu_order":0,"comment_status":"closed","ping_status":"closed","template":"","meta":{"footnotes":""},"class_list":["post-137","page","type-page","status-publish","hentry"],"_links":{"self":[{"href":"https:\/\/www.welite.sk\/de\/wp-json\/wp\/v2\/pages\/137"}],"collection":[{"href":"https:\/\/www.welite.sk\/de\/wp-json\/wp\/v2\/pages"}],"about":[{"href":"https:\/\/www.welite.sk\/de\/wp-json\/wp\/v2\/types\/page"}],"author":[{"embeddable":true,"href":"https:\/\/www.welite.sk\/de\/wp-json\/wp\/v2\/users\/1"}],"replies":[{"embeddable":true,"href":"https:\/\/www.welite.sk\/de\/wp-json\/wp\/v2\/comments?post=137"}],"version-history":[{"count":6,"href":"https:\/\/www.welite.sk\/de\/wp-json\/wp\/v2\/pages\/137\/revisions"}],"predecessor-version":[{"id":1158,"href":"https:\/\/www.welite.sk\/de\/wp-json\/wp\/v2\/pages\/137\/revisions\/1158"}],"wp:attachment":[{"href":"https:\/\/www.welite.sk\/de\/wp-json\/wp\/v2\/media?parent=137"}],"curies":[{"name":"wp","href":"https:\/\/api.w.org\/{rel}","templated":true}]}}